{"id":26,"date":"2025-12-05T22:12:56","date_gmt":"2025-12-05T22:12:56","guid":{"rendered":"http:\/\/integralhomem.com.br\/?page_id=26"},"modified":"2026-01-09T04:14:03","modified_gmt":"2026-01-09T04:14:03","slug":"sobre-nos","status":"publish","type":"page","link":"http:\/\/integralhomem.com.br\/?page_id=26","title":{"rendered":"Sobre N\u00f3s"},"content":{"rendered":"\t\t<div data-elementor-type=\"wp-page\" data-elementor-id=\"26\" class=\"elementor elementor-26\" data-elementor-post-type=\"page\">\n\t\t\t\t<div class=\"elementor-element elementor-element-6724078 e-flex e-con-boxed e-con e-parent\" data-id=\"6724078\" data-element_type=\"container\" data-e-type=\"container\" data-settings=\"{&quot;background_background&quot;:&quot;classic&quot;}\">\n\t\t\t\t\t<div class=\"e-con-inner\">\n\t\t<div class=\"elementor-element elementor-element-8bb2213 e-con-full e-flex e-con e-child\" data-id=\"8bb2213\" data-element_type=\"container\" data-e-type=\"container\" data-settings=\"{&quot;background_background&quot;:&quot;classic&quot;}\">\n\t\t\t\t<div class=\"elementor-element elementor-element-1455b14 exad-sticky-section-no exad-glass-effect-no elementor-widget elementor-widget-heading\" data-id=\"1455b14\" data-element_type=\"widget\" data-e-type=\"widget\" data-widget_type=\"heading.default\">\n\t\t\t\t\t<h6 class=\"elementor-heading-title elementor-size-default\">Sobre N\u00f3s<\/h6>\t\t\t\t<\/div>\n\t\t\t\t<div class=\"elementor-element elementor-element-c68a0eb elementor-widget__width-initial exad-sticky-section-no exad-glass-effect-no elementor-widget elementor-widget-heading\" data-id=\"c68a0eb\" data-element_type=\"widget\" data-e-type=\"widget\" data-widget_type=\"heading.default\">\n\t\t\t\t\t<h1 class=\"elementor-heading-title elementor-size-default\">Mais de 10 anos cuidando da sa\u00fade do homem<\/h1>\t\t\t\t<\/div>\n\t\t\t\t<div class=\"elementor-element elementor-element-b73f24c elementor-widget__width-initial exad-sticky-section-no exad-glass-effect-no elementor-widget elementor-widget-heading\" data-id=\"b73f24c\" data-element_type=\"widget\" data-e-type=\"widget\" data-widget_type=\"heading.default\">\n\t\t\t\t\t<h6 class=\"elementor-heading-title elementor-size-default\">A Integral Homem nasceu com a miss\u00e3o de oferecer atendimento especializado e humanizado para quest\u00f5es de sa\u00fade sexual masculina, com total discri\u00e7\u00e3o e profissionalismo.<\/h6>\t\t\t\t<\/div>\n\t\t\t\t<\/div>\n\t\t\t\t\t<\/div>\n\t\t\t\t<\/div>\n\t\t<div class=\"elementor-element elementor-element-130faf1 e-flex e-con-boxed e-con e-parent\" data-id=\"130faf1\" data-element_type=\"container\" data-e-type=\"container\">\n\t\t\t\t\t<div class=\"e-con-inner\">\n\t\t<div class=\"elementor-element elementor-element-8ee1d28 e-con-full e-flex e-con e-child\" data-id=\"8ee1d28\" data-element_type=\"container\" data-e-type=\"container\">\n\t\t\t\t<div class=\"elementor-element elementor-element-ca2d6a9 elementor-view-framed elementor-shape-rounded exad-sticky-section-no exad-glass-effect-no elementor-widget elementor-widget-icon\" data-id=\"ca2d6a9\" data-element_type=\"widget\" data-e-type=\"widget\" data-widget_type=\"icon.default\">\n\t\t\t\t\t\t\t<div class=\"elementor-icon-wrapper\">\n\t\t\t<div class=\"elementor-icon\">\n\t\t\t<i aria-hidden=\"true\" class=\"feather icon-target\"><\/i>\t\t\t<\/div>\n\t\t<\/div>\n\t\t\t\t\t\t<\/div>\n\t\t\t\t<div class=\"elementor-element elementor-element-c85cb1a exad-sticky-section-no exad-glass-effect-no elementor-widget elementor-widget-heading\" data-id=\"c85cb1a\" data-element_type=\"widget\" data-e-type=\"widget\" data-widget_type=\"heading.default\">\n\t\t\t\t\t<h2 class=\"elementor-heading-title elementor-size-default\">Nossa Miss\u00e3o<\/h2>\t\t\t\t<\/div>\n\t\t\t\t<div class=\"elementor-element elementor-element-8958b62 exad-sticky-section-no exad-glass-effect-no elementor-widget elementor-widget-text-editor\" data-id=\"8958b62\" data-element_type=\"widget\" data-e-type=\"widget\" data-widget_type=\"text-editor.default\">\n\t\t\t\t\t\t\t\t\t<p>Proporcionar aos homens tratamentos de excel\u00eancia em sa\u00fade sexual, devolvendo sua confian\u00e7a, bem-estar e qualidade de vida. Trabalhamos para quebrar tabus e oferecer um ambiente seguro onde nossos pacientes possam buscar ajuda sem constrangimento.<\/p>\t\t\t\t\t\t\t\t<\/div>\n\t\t\t\t<\/div>\n\t\t<div class=\"elementor-element elementor-element-0cf1052 e-con-full e-flex e-con e-child\" data-id=\"0cf1052\" data-element_type=\"container\" data-e-type=\"container\">\n\t\t\t\t<div class=\"elementor-element elementor-element-0217e7a elementor-view-framed elementor-shape-rounded exad-sticky-section-no exad-glass-effect-no elementor-widget elementor-widget-icon\" data-id=\"0217e7a\" data-element_type=\"widget\" data-e-type=\"widget\" data-widget_type=\"icon.default\">\n\t\t\t\t\t\t\t<div class=\"elementor-icon-wrapper\">\n\t\t\t<div class=\"elementor-icon\">\n\t\t\t<svg aria-hidden=\"true\" class=\"e-font-icon-svg e-far-eye\" viewBox=\"0 0 576 512\" xmlns=\"http:\/\/www.w3.org\/2000\/svg\"><path d=\"M288 144a110.94 110.94 0 0 0-31.24 5 55.4 55.4 0 0 1 7.24 27 56 56 0 0 1-56 56 55.4 55.4 0 0 1-27-7.24A111.71 111.71 0 1 0 288 144zm284.52 97.4C518.29 135.59 410.93 64 288 64S57.68 135.64 3.48 241.41a32.35 32.35 0 0 0 0 29.19C57.71 376.41 165.07 448 288 448s230.32-71.64 284.52-177.41a32.35 32.35 0 0 0 0-29.19zM288 400c-98.65 0-189.09-55-237.93-144C98.91 167 189.34 112 288 112s189.09 55 237.93 144C477.1 345 386.66 400 288 400z\"><\/path><\/svg>\t\t\t<\/div>\n\t\t<\/div>\n\t\t\t\t\t\t<\/div>\n\t\t\t\t<div class=\"elementor-element elementor-element-96eac61 exad-sticky-section-no exad-glass-effect-no elementor-widget elementor-widget-heading\" data-id=\"96eac61\" data-element_type=\"widget\" data-e-type=\"widget\" data-widget_type=\"heading.default\">\n\t\t\t\t\t<h2 class=\"elementor-heading-title elementor-size-default\">Nossa Vis\u00e3o<\/h2>\t\t\t\t<\/div>\n\t\t\t\t<div class=\"elementor-element elementor-element-7bfba6a exad-sticky-section-no exad-glass-effect-no elementor-widget elementor-widget-text-editor\" data-id=\"7bfba6a\" data-element_type=\"widget\" data-e-type=\"widget\" data-widget_type=\"text-editor.default\">\n\t\t\t\t\t\t\t\t\t<p>Ser refer\u00eancia nacional em sa\u00fade sexual masculina, reconhecida pela excel\u00eancia no atendimento, inova\u00e7\u00e3o nos tratamentos e pelo impacto positivo na vida de milhares de homens e suas fam\u00edlias.<\/p>\t\t\t\t\t\t\t\t<\/div>\n\t\t\t\t<\/div>\n\t\t\t\t\t<\/div>\n\t\t\t\t<\/div>\n\t\t<div class=\"elementor-element elementor-element-54a24f5 e-flex e-con-boxed e-con e-parent\" data-id=\"54a24f5\" data-element_type=\"container\" data-e-type=\"container\">\n\t\t\t\t\t<div class=\"e-con-inner\">\n\t\t\t\t<div class=\"elementor-element elementor-element-f514692 exad-sticky-section-no exad-glass-effect-no elementor-widget elementor-widget-heading\" data-id=\"f514692\" data-element_type=\"widget\" data-e-type=\"widget\" data-widget_type=\"heading.default\">\n\t\t\t\t\t<h2 class=\"elementor-heading-title elementor-size-default\">Nossos Valores<\/h2>\t\t\t\t<\/div>\n\t\t\t\t<div class=\"elementor-element elementor-element-c985b97 exad-sticky-section-no exad-glass-effect-no elementor-widget elementor-widget-text-editor\" data-id=\"c985b97\" data-element_type=\"widget\" data-e-type=\"widget\" data-widget_type=\"text-editor.default\">\n\t\t\t\t\t\t\t\t\t<p><span style=\"color: #737478; font-family: 'Times New Roman'; font-size: 18px; text-align: center; background-color: rgba(242, 242, 243, 0.5);\">Princ\u00edpios que guiam cada atendimento e decis\u00e3o da nossa equipe.<\/span><\/p>\t\t\t\t\t\t\t\t<\/div>\n\t\t<div class=\"elementor-element elementor-element-c54c48e e-con-full e-flex e-con e-child\" data-id=\"c54c48e\" data-element_type=\"container\" data-e-type=\"container\">\n\t\t\t\t<div class=\"elementor-element elementor-element-8f509aa exad-sticky-section-no exad-glass-effect-no elementor-widget elementor-widget-softlite_dynamic_card_box\" data-id=\"8f509aa\" data-element_type=\"widget\" data-e-type=\"widget\" data-widget_type=\"softlite_dynamic_card_box.default\">\n\t\t\t\t<div class=\"elementor-widget-container\">\n\t\t\t\t\t \n\t<div class=\"softlite-dynamic-card-box aakazfwy softlite-dynamic-card-box-background-color-1\"><div class=\"cy8jemat softlite-dynamic-card-box-background-color-2\"><span class=\"\"><svg xmlns=\"http:\/\/www.w3.org\/2000\/svg\" width=\"24\" height=\"24\" viewBox=\"0 0 24 24\" fill=\"none\" stroke=\"currentColor\" stroke-width=\"2\" stroke-linecap=\"round\" stroke-linejoin=\"round\" class=\"khrgd04j softlite-dynamic-icon\"><path d=\"M19 14c1.49-1.46 3-3.21 3-5.5A5.5 5.5 0 0 0 16.5 3c-1.76 0-3 .5-4.5 2-1.5-1.5-2.74-2-4.5-2A5.5 5.5 0 0 0 2 8.5c0 2.3 1.5 4.05 3 5.5l7 7Z\"><\/path><\/svg><\/span><\/div><h3 class=\"kdqphiw4 softlite-dynamic-card-box-text-1\">Acolhimento<\/h3><p class=\"gf92pa13 softlite-dynamic-card-box-text-2\">Tratamos cada paciente com empatia e respeito, entendendo suas necessidades individuais.<\/p><\/div> \t\t\t\t<\/div>\n\t\t\t\t<\/div>\n\t\t\t\t<div class=\"elementor-element elementor-element-3db392e exad-sticky-section-no exad-glass-effect-no elementor-widget elementor-widget-softlite_dynamic_card_box\" data-id=\"3db392e\" data-element_type=\"widget\" data-e-type=\"widget\" data-widget_type=\"softlite_dynamic_card_box.default\">\n\t\t\t\t<div class=\"elementor-widget-container\">\n\t\t\t\t\t \n\t<div class=\"softlite-dynamic-card-box asi9ei7b softlite-dynamic-card-box-background-color-1\"><div class=\"tw216nlb softlite-dynamic-card-box-background-color-2\"><span class=\"\"><svg xmlns=\"http:\/\/www.w3.org\/2000\/svg\" width=\"24\" height=\"24\" viewBox=\"0 0 24 24\" fill=\"none\" stroke=\"currentColor\" stroke-width=\"2\" stroke-linecap=\"round\" stroke-linejoin=\"round\" class=\"h47crb53 softlite-dynamic-icon\"><path d=\"M20 13c0 5-3.5 7.5-7.66 8.95a1 1 0 0 1-.67-.01C7.5 20.5 4 18 4 13V6a1 1 0 0 1 1-1c2 0 4.5-1.2 6.24-2.72a1.17 1.17 0 0 1 1.52 0C14.51 3.81 17 5 19 5a1 1 0 0 1 1 1z\"><\/path><\/svg><\/span><\/div><h3 class=\"xnr9l7mg softlite-dynamic-card-box-text-1\">\u00c9tica<\/h3><p class=\"eoyywyaw softlite-dynamic-card-box-text-2\">Atuamos com total transpar\u00eancia e integridade em todos os nossos procedimentos.<\/p><\/div> \t\t\t\t<\/div>\n\t\t\t\t<\/div>\n\t\t\t\t<div class=\"elementor-element elementor-element-e4a87aa exad-sticky-section-no exad-glass-effect-no elementor-widget elementor-widget-softlite_dynamic_card_box\" data-id=\"e4a87aa\" data-element_type=\"widget\" data-e-type=\"widget\" data-widget_type=\"softlite_dynamic_card_box.default\">\n\t\t\t\t<div class=\"elementor-widget-container\">\n\t\t\t\t\t \n\t<div class=\"softlite-dynamic-card-box gydijmnl softlite-dynamic-card-box-background-color-1\"><div class=\"c5gy2l3q softlite-dynamic-card-box-background-color-2\"><span class=\"\"><svg xmlns=\"http:\/\/www.w3.org\/2000\/svg\" width=\"24\" height=\"24\" viewBox=\"0 0 24 24\" fill=\"none\" stroke=\"currentColor\" stroke-width=\"2\" stroke-linecap=\"round\" stroke-linejoin=\"round\" class=\"ly9gt7fo softlite-dynamic-icon\"><path d=\"m15.477 12.89 1.515 8.526a.5.5 0 0 1-.81.47l-3.58-2.687a1 1 0 0 0-1.197 0l-3.586 2.686a.5.5 0 0 1-.81-.469l1.514-8.526\"><\/path><circle cx=\"12\" cy=\"8\" r=\"6\"><\/circle><\/svg><\/span><\/div><h3 class=\"dcjc22d5 softlite-dynamic-card-box-text-1\">Excel\u00eancia<\/h3><p class=\"hsbe9byl softlite-dynamic-card-box-text-2\">Buscamos constantemente as melhores pr\u00e1ticas e tecnologias para nossos pacientes.<\/p><\/div> \t\t\t\t<\/div>\n\t\t\t\t<\/div>\n\t\t\t\t<div class=\"elementor-element elementor-element-e6eab87 exad-sticky-section-no exad-glass-effect-no elementor-widget elementor-widget-softlite_dynamic_card_box\" data-id=\"e6eab87\" data-element_type=\"widget\" data-e-type=\"widget\" data-widget_type=\"softlite_dynamic_card_box.default\">\n\t\t\t\t<div class=\"elementor-widget-container\">\n\t\t\t\t\t \n\t<div class=\"softlite-dynamic-card-box v748e3uq softlite-dynamic-card-box-background-color-1\"><div class=\"q1c0rg1y softlite-dynamic-card-box-background-color-2\"><span class=\"\"><svg xmlns=\"http:\/\/www.w3.org\/2000\/svg\" width=\"24\" height=\"24\" viewBox=\"0 0 24 24\" fill=\"none\" stroke=\"currentColor\" stroke-width=\"2\" stroke-linecap=\"round\" stroke-linejoin=\"round\" class=\"ker1g1jl softlite-dynamic-icon\"><path d=\"M16 21v-2a4 4 0 0 0-4-4H6a4 4 0 0 0-4 4v2\"><\/path><circle cx=\"9\" cy=\"7\" r=\"4\"><\/circle><path d=\"M22 21v-2a4 4 0 0 0-3-3.87\"><\/path><path d=\"M16 3.13a4 4 0 0 1 0 7.75\"><\/path><\/svg><\/span><\/div><h3 class=\"q28zrkyb softlite-dynamic-card-box-text-1\">Humaniza\u00e7\u00e3o<\/h3><p class=\"lxu7hv5a softlite-dynamic-card-box-text-2\">Colocamos o ser humano no centro de tudo, al\u00e9m da condi\u00e7\u00e3o m\u00e9dica.<\/p><\/div> \t\t\t\t<\/div>\n\t\t\t\t<\/div>\n\t\t\t\t<\/div>\n\t\t\t\t\t<\/div>\n\t\t\t\t<\/div>\n\t\t\t\t<\/div>\n\t\t","protected":false},"excerpt":{"rendered":"<p>Sobre N\u00f3s Mais de 10 anos cuidando da sa\u00fade do homem A Integral Homem nasceu com a miss\u00e3o de oferecer atendimento especializado e humanizado para quest\u00f5es de sa\u00fade sexual masculina, com total discri\u00e7\u00e3o e profissionalismo. Nossa Miss\u00e3o Proporcionar aos homens tratamentos de excel\u00eancia em sa\u00fade sexual, devolvendo sua confian\u00e7a, bem-estar e qualidade de vida. Trabalhamos [&hellip;]<\/p>\n","protected":false},"author":1,"featured_media":0,"parent":0,"menu_order":0,"comment_status":"closed","ping_status":"closed","template":"","meta":{"_joinchat":[],"footnotes":""},"class_list":["post-26","page","type-page","status-publish","hentry"],"yoast_head":"<!-- This site is optimized with the Yoast SEO plugin v27.5 - https:\/\/yoast.com\/product\/yoast-seo-wordpress\/ -->\n<title>Sobre N\u00f3s - Integral Homem<\/title>\n<meta name=\"description\" content=\"Somos uma cl\u00ednica especializada em sa\u00fade sexual masculina, oferecendo atendimento discreto, humanizado e tratamentos modernos focados em qualidade de vida e bem-estar.\" \/>\n<meta name=\"robots\" content=\"index, follow, max-snippet:-1, max-image-preview:large, max-video-preview:-1\" \/>\n<link rel=\"canonical\" href=\"http:\/\/integralhomem.com.br\/?page_id=26\" \/>\n<meta property=\"og:locale\" content=\"pt_BR\" \/>\n<meta property=\"og:type\" content=\"article\" \/>\n<meta property=\"og:title\" content=\"Sobre N\u00f3s - Integral Homem\" \/>\n<meta property=\"og:description\" content=\"Somos uma cl\u00ednica especializada em sa\u00fade sexual masculina, oferecendo atendimento discreto, humanizado e tratamentos modernos focados em qualidade de vida e bem-estar.\" \/>\n<meta property=\"og:url\" content=\"http:\/\/integralhomem.com.br\/?page_id=26\" \/>\n<meta property=\"og:site_name\" content=\"Integral Homem\" \/>\n<meta property=\"article:modified_time\" content=\"2026-01-09T04:14:03+00:00\" \/>\n<meta name=\"twitter:card\" content=\"summary_large_image\" \/>\n<meta name=\"twitter:label1\" content=\"Est. tempo de leitura\" \/>\n\t<meta name=\"twitter:data1\" content=\"1 minuto\" \/>\n<script type=\"application\/ld+json\" class=\"yoast-schema-graph\">{\"@context\":\"https:\\\/\\\/schema.org\",\"@graph\":[{\"@type\":\"WebPage\",\"@id\":\"http:\\\/\\\/integralhomem.com.br\\\/?page_id=26\",\"url\":\"http:\\\/\\\/integralhomem.com.br\\\/?page_id=26\",\"name\":\"Sobre N\u00f3s - Integral Homem\",\"isPartOf\":{\"@id\":\"http:\\\/\\\/integralhomem.com.br\\\/#website\"},\"datePublished\":\"2025-12-05T22:12:56+00:00\",\"dateModified\":\"2026-01-09T04:14:03+00:00\",\"description\":\"Somos uma cl\u00ednica especializada em sa\u00fade sexual masculina, oferecendo atendimento discreto, humanizado e tratamentos modernos focados em qualidade de vida e bem-estar.\",\"breadcrumb\":{\"@id\":\"http:\\\/\\\/integralhomem.com.br\\\/?page_id=26#breadcrumb\"},\"inLanguage\":\"pt-BR\",\"potentialAction\":[{\"@type\":\"ReadAction\",\"target\":[\"http:\\\/\\\/integralhomem.com.br\\\/?page_id=26\"]}]},{\"@type\":\"BreadcrumbList\",\"@id\":\"http:\\\/\\\/integralhomem.com.br\\\/?page_id=26#breadcrumb\",\"itemListElement\":[{\"@type\":\"ListItem\",\"position\":1,\"name\":\"In\u00edcio\",\"item\":\"http:\\\/\\\/integralhomem.com.br\\\/\"},{\"@type\":\"ListItem\",\"position\":2,\"name\":\"Sobre N\u00f3s\"}]},{\"@type\":\"WebSite\",\"@id\":\"http:\\\/\\\/integralhomem.com.br\\\/#website\",\"url\":\"http:\\\/\\\/integralhomem.com.br\\\/\",\"name\":\"Integral Homem\",\"description\":\"\",\"publisher\":{\"@id\":\"http:\\\/\\\/integralhomem.com.br\\\/#organization\"},\"potentialAction\":[{\"@type\":\"SearchAction\",\"target\":{\"@type\":\"EntryPoint\",\"urlTemplate\":\"http:\\\/\\\/integralhomem.com.br\\\/?s={search_term_string}\"},\"query-input\":{\"@type\":\"PropertyValueSpecification\",\"valueRequired\":true,\"valueName\":\"search_term_string\"}}],\"inLanguage\":\"pt-BR\"},{\"@type\":\"Organization\",\"@id\":\"http:\\\/\\\/integralhomem.com.br\\\/#organization\",\"name\":\"Integral Homem\",\"url\":\"http:\\\/\\\/integralhomem.com.br\\\/\",\"logo\":{\"@type\":\"ImageObject\",\"inLanguage\":\"pt-BR\",\"@id\":\"http:\\\/\\\/integralhomem.com.br\\\/#\\\/schema\\\/logo\\\/image\\\/\",\"url\":\"http:\\\/\\\/integralhomem.com.br\\\/wp-content\\\/uploads\\\/2025\\\/12\\\/LOGOTIPO-SEM-FUNDO-INTEGRAL-HOMEM-scaled.png\",\"contentUrl\":\"http:\\\/\\\/integralhomem.com.br\\\/wp-content\\\/uploads\\\/2025\\\/12\\\/LOGOTIPO-SEM-FUNDO-INTEGRAL-HOMEM-scaled.png\",\"width\":2560,\"height\":805,\"caption\":\"Integral Homem\"},\"image\":{\"@id\":\"http:\\\/\\\/integralhomem.com.br\\\/#\\\/schema\\\/logo\\\/image\\\/\"}}]}<\/script>\n<!-- \/ Yoast SEO plugin. -->","yoast_head_json":{"title":"Sobre N\u00f3s - Integral Homem","description":"Somos uma cl\u00ednica especializada em sa\u00fade sexual masculina, oferecendo atendimento discreto, humanizado e tratamentos modernos focados em qualidade de vida e bem-estar.","robots":{"index":"index","follow":"follow","max-snippet":"max-snippet:-1","max-image-preview":"max-image-preview:large","max-video-preview":"max-video-preview:-1"},"canonical":"http:\/\/integralhomem.com.br\/?page_id=26","og_locale":"pt_BR","og_type":"article","og_title":"Sobre N\u00f3s - Integral Homem","og_description":"Somos uma cl\u00ednica especializada em sa\u00fade sexual masculina, oferecendo atendimento discreto, humanizado e tratamentos modernos focados em qualidade de vida e bem-estar.","og_url":"http:\/\/integralhomem.com.br\/?page_id=26","og_site_name":"Integral Homem","article_modified_time":"2026-01-09T04:14:03+00:00","twitter_card":"summary_large_image","twitter_misc":{"Est. tempo de leitura":"1 minuto"},"schema":{"@context":"https:\/\/schema.org","@graph":[{"@type":"WebPage","@id":"http:\/\/integralhomem.com.br\/?page_id=26","url":"http:\/\/integralhomem.com.br\/?page_id=26","name":"Sobre N\u00f3s - Integral Homem","isPartOf":{"@id":"http:\/\/integralhomem.com.br\/#website"},"datePublished":"2025-12-05T22:12:56+00:00","dateModified":"2026-01-09T04:14:03+00:00","description":"Somos uma cl\u00ednica especializada em sa\u00fade sexual masculina, oferecendo atendimento discreto, humanizado e tratamentos modernos focados em qualidade de vida e bem-estar.","breadcrumb":{"@id":"http:\/\/integralhomem.com.br\/?page_id=26#breadcrumb"},"inLanguage":"pt-BR","potentialAction":[{"@type":"ReadAction","target":["http:\/\/integralhomem.com.br\/?page_id=26"]}]},{"@type":"BreadcrumbList","@id":"http:\/\/integralhomem.com.br\/?page_id=26#breadcrumb","itemListElement":[{"@type":"ListItem","position":1,"name":"In\u00edcio","item":"http:\/\/integralhomem.com.br\/"},{"@type":"ListItem","position":2,"name":"Sobre N\u00f3s"}]},{"@type":"WebSite","@id":"http:\/\/integralhomem.com.br\/#website","url":"http:\/\/integralhomem.com.br\/","name":"Integral Homem","description":"","publisher":{"@id":"http:\/\/integralhomem.com.br\/#organization"},"potentialAction":[{"@type":"SearchAction","target":{"@type":"EntryPoint","urlTemplate":"http:\/\/integralhomem.com.br\/?s={search_term_string}"},"query-input":{"@type":"PropertyValueSpecification","valueRequired":true,"valueName":"search_term_string"}}],"inLanguage":"pt-BR"},{"@type":"Organization","@id":"http:\/\/integralhomem.com.br\/#organization","name":"Integral Homem","url":"http:\/\/integralhomem.com.br\/","logo":{"@type":"ImageObject","inLanguage":"pt-BR","@id":"http:\/\/integralhomem.com.br\/#\/schema\/logo\/image\/","url":"http:\/\/integralhomem.com.br\/wp-content\/uploads\/2025\/12\/LOGOTIPO-SEM-FUNDO-INTEGRAL-HOMEM-scaled.png","contentUrl":"http:\/\/integralhomem.com.br\/wp-content\/uploads\/2025\/12\/LOGOTIPO-SEM-FUNDO-INTEGRAL-HOMEM-scaled.png","width":2560,"height":805,"caption":"Integral Homem"},"image":{"@id":"http:\/\/integralhomem.com.br\/#\/schema\/logo\/image\/"}}]}},"_links":{"self":[{"href":"http:\/\/integralhomem.com.br\/index.php?rest_route=\/wp\/v2\/pages\/26","targetHints":{"allow":["GET"]}}],"collection":[{"href":"http:\/\/integralhomem.com.br\/index.php?rest_route=\/wp\/v2\/pages"}],"about":[{"href":"http:\/\/integralhomem.com.br\/index.php?rest_route=\/wp\/v2\/types\/page"}],"author":[{"embeddable":true,"href":"http:\/\/integralhomem.com.br\/index.php?rest_route=\/wp\/v2\/users\/1"}],"replies":[{"embeddable":true,"href":"http:\/\/integralhomem.com.br\/index.php?rest_route=%2Fwp%2Fv2%2Fcomments&post=26"}],"version-history":[{"count":4,"href":"http:\/\/integralhomem.com.br\/index.php?rest_route=\/wp\/v2\/pages\/26\/revisions"}],"predecessor-version":[{"id":95,"href":"http:\/\/integralhomem.com.br\/index.php?rest_route=\/wp\/v2\/pages\/26\/revisions\/95"}],"wp:attachment":[{"href":"http:\/\/integralhomem.com.br\/index.php?rest_route=%2Fwp%2Fv2%2Fmedia&parent=26"}],"curies":[{"name":"wp","href":"https:\/\/api.w.org\/{rel}","templated":true}]}}